{"id":1917,"date":"2018-03-09T10:33:20","date_gmt":"2018-03-09T09:33:20","guid":{"rendered":"https:\/\/www.mines-stetienne.fr\/en\/?page_id=1917"},"modified":"2025-02-05T10:50:01","modified_gmt":"2025-02-05T09:50:01","slug":"mines-saint-etienne-an-imt-graduate-school","status":"publish","type":"page","link":"https:\/\/www.mines-stetienne.fr\/en\/about-us\/mines-saint-etienne-an-imt-graduate-school\/","title":{"rendered":"Mines Saint-\u00c9tienne, an IMT graduate school"},"content":{"rendered":"<h2>IMT: the number one group of engineering and management graduate schools in France<\/h2>\n<p>11 engineering and management schools form <u><a href=\"https:\/\/www.imt.fr\/en\/\">IMT (for Institut Mines-T\u00e9l\u00e9com).<\/a><\/u> The group\u2019s strength lies in the complementarity of its schools and their cohesion, founded on a common vision:<\/p>\n<ul>\n<li>to prepare students for the business world;<\/li>\n<li>to develop the economy and regions;<\/li>\n<li>to contribute to innovation and entrepreneurship.<\/li>\n<\/ul>\n<p>These activities are carried out as students take on the issues of the major transitions in digital technology, energy, industry and education.<\/p>\n<h2>Excellence in Training and Research<\/h2>\n<p><strong>11 engineering and management schools<\/strong> under the supervision of the French Minister of the Economy and Industry.<\/p>\n<p><strong>13,400<\/strong> <strong>students<\/strong>, numbers which are comparable to those of major American universities such as MIT and Stanford.<\/p>\n<p><strong>4,420<\/strong> <strong>degrees awarded. <\/strong>\u00a090% of graduates recruited directly on\u00a0open-ended work\u00a0contracts.<\/p>\n<p>A network of <strong>60,000<\/strong> <strong>alumni<\/strong> present in every economic sector.<\/p>\n<p><strong>2,080<\/strong> <strong>Grade A research publications<\/strong> contributing to scientific and technological progress, which also guarantee cutting-edge education.<\/p>\n<p><strong>9,070<\/strong> <strong>business partnerships<\/strong> with local ecosystems as well as national stakeholders through IMT\u2019s vast regional network.<\/p>\n<p>Geared towards businesses, IMT\u2019s partnership-based research feeds the economy: it is recognized by <strong>2 Carnot Institute certifications<\/strong> (Carnot M.I.N.E.S and Carnot T\u00e9l\u00e9com &amp; soci\u00e9t\u00e9 num\u00e9rique) which were awarded in 2006 and renewed in 2011.<\/p>\n<p>IMT\u2019s academic excellence is widely recognized. Our schools\u2019 professor-researchers have received extensive awards and recognition.<\/p>\n<table border=\"1\" width=\"100%\">\n<tbody>\n<tr>\n<td>\n<p style=\"padding-left: 30px;\"><strong><br \/>\nIn the 3<sup>rd<\/sup> year of studies, there are 11 graduate schools to choose from.<\/strong><\/p>\n<p style=\"padding-left: 30px;\">Engineering or management students at IMT schools can carry out six months of their studies in another school in the group, exploring topics in greater depth that aren\u2019t offered by their campus, while remaining enrolled at their original school.<\/p>\n<\/td>\n<\/tr>\n<\/tbody>\n<\/table>\n<table border=\"1\">\n<tbody>\n<tr>\n<td>\n<p style=\"padding-left: 30px;\"><strong><br \/>\nIMT, French leader in training through work-study contracts<\/strong><\/p>\n<p style=\"padding-left: 30px;\">For over 25 years, IMT and its schools have developed higher education apprenticeships in management and engineering sciences, using these programs to train 10% of French engineers each year.<\/p>\n<p style=\"padding-left: 30px;\"><a href=\"https:\/\/alternance.imt.fr\/\">https:\/\/alternance.imt.fr\/<\/a><\/p>\n<\/td>\n<\/tr>\n<\/tbody>\n<\/table>\n<p><strong>Innovation and entrepreneurship: part of our schools\u2019 DNA<\/strong><\/p>\n<p>IMT schools were established by public authorities to support economic and industrial development in France as early as the 18<sup>th<\/sup> century. Our schools promote entrepreneurship and encourage the incubation of technology projects: every year nearly 100 startups receive support at our schools\u2019 business incubators.<\/p>\n<p>The schools offer a wide range of tools that help students gain an understanding of and experience in innovation and entrepreneurship.<\/p>\n<p>Students benefit from the extensive partnerships between IMT schools and local and national innovation centers.<\/p>\n<p>Beyond entrepreneurship, these programs train engineers and managers with an awareness of value creation and innovation, enabling them to offer the creativity companies are looking for.<\/p>\n<h2>Mines Saint-\u00c9tienne, an important link in the IMT chain, responding to the major transformations of the 21st century<\/h2>\n<p>Together, through their complementarity, IMT schools offer a wide range of expertise. Mines Saint-\u00c9tienne\u00a0plays an integral part in this group dynamic, which systematically responds to the issues of <strong>the major transformations of the 21<sup>st<\/sup> century:<\/strong><\/p>\n<ul>\n<li><strong>digital technology,<\/strong><\/li>\n<li><strong>industry,<\/strong><\/li>\n<li><strong>energy,<\/strong><\/li>\n<li><strong>education<\/strong><strong>\u00a0<\/strong><\/li>\n<\/ul>\n<p>The school brings its expertise to IMT research in the areas of smart cities, health and personal autonomy, and the industry of the future.<\/p>\n<table border=\"1\">\n<tbody>\n<tr>\n<td style=\"padding-left: 30px;\">IMT is a founding member of the \u00a0<u><a href=\"http:\/\/www.industrie-dufutur.org\">Alliance for the Industry of the Future,<\/a> <\/u>which brings together trade federations, research organizations and higher education institutions. Its objective is to make France a leader in the new global industrial generation. IMT also founded the Franco-German Academy for the Industry of the Future with the Technische Universit\u00e4t M\u00fcnchen<em>.<\/em><\/td>\n<\/tr>\n<\/tbody>\n<\/table>\n<p><strong>Educational Transition: a cooperative approach between IMT schools for transforming teaching models<\/strong><\/p>\n<p>IMT and its schools are a significant driving force in creating Massive Open Online Courses (MOOC) in French and English, particularly in the areas of telecommunications, digital technology and engineering sciences.<\/p>\n<p>By dovetailing their expertise and know-how in innovative teaching methods, IMT\u2019s schools now enjoy a wide range of representative training programs.<\/p>\n<p>These courses are fully integrated into the programs offered by IMT\u2019s schools, including the following:<\/p>\n<ul>\n<li>Initial common core training<\/li>\n<li>Educational experience in \u201cflipped classrooms\u201d<\/li>\n<li>Validating credits through retakes or additional teaching<\/li>\n<li>Providing students with the opportunity to access cross-disciplinary and complementary themes<\/li>\n<\/ul>\n<p>Closely linked to IMT\u2019s strategy, the MOOCs also contribute to the growth and renown of the group and its schools both in France and around the world.<\/p>\n<p><strong>IMT contributes to the international reach of its schools <\/strong><\/p>\n<p>As a global key player with an international outlook, IMT attracts students from across borders (<strong>33% of students enrolled on its Master\u2019s and PhD-level courses are from abroad<\/strong>), while also sending its students to the best foreign universities with which IMT has established exchange agreements and complementary dual-degree courses through its schools\u2019 existing bilateral agreements<\/p>\n","protected":false},"excerpt":{"rendered":"<p>IMT: the number one group of engineering and management graduate schools in France 11 engineering and management schools form IMT (for Institut Mines-T\u00e9l\u00e9com). The group\u2019s strength lies in the complementarity of its schools and their cohesion, founded on a common &hellip;<\/p>\n","protected":false},"author":2,"featured_media":0,"parent":7,"menu_order":10,"comment_status":"closed","ping_status":"closed","template":"","meta":{"_relevanssi_hide_post":"","_relevanssi_hide_content":"","_relevanssi_pin_for_all":"","_relevanssi_pin_keywords":"","_relevanssi_unpin_keywords":"","_relevanssi_related_keywords":"","_relevanssi_related_include_ids":"","_relevanssi_related_exclude_ids":"","_relevanssi_related_no_append":"","_relevanssi_related_not_related":"","_relevanssi_related_posts":"2385,492,497","_relevanssi_noindex_reason":"","footnotes":"","_links_to":"","_links_to_target":""},"tags":[],"class_list":["post-1917","page","type-page","status-publish","hentry"],"pp_statuses_selecting_workflow":false,"pp_workflow_action":"current","pp_status_selection":"publish","pp_force_visibility":null,"pp_subpost_visibility":null,"pp_inherited_force_visibility":null,"pp_inherited_subpost_visibility":null,"yoast_head":"<!-- This site is optimized with the Yoast SEO plugin v27.5 - https:\/\/yoast.com\/product\/yoast-seo-wordpress\/ -->\n<title>Mines Saint-\u00c9tienne, an IMT graduate school - MINES Saint-\u00c9tienne<\/title>\n<meta name=\"robots\" content=\"index, follow, max-snippet:-1, max-image-preview:large, max-video-preview:-1\" \/>\n<link rel=\"canonical\" href=\"https:\/\/www.mines-stetienne.fr\/en\/about-us\/mines-saint-etienne-an-imt-graduate-school\/\" \/>\n<meta property=\"og:locale\" content=\"en_GB\" \/>\n<meta property=\"og:type\" content=\"article\" \/>\n<meta property=\"og:title\" content=\"Mines Saint-\u00c9tienne, an IMT graduate school - MINES Saint-\u00c9tienne\" \/>\n<meta property=\"og:description\" content=\"IMT: the number one group of engineering and management graduate schools in France 11 engineering and management schools form IMT (for Institut Mines-T\u00e9l\u00e9com). The group\u2019s strength lies in the complementarity of its schools and their cohesion, founded on a common &hellip;\" \/>\n<meta property=\"og:url\" content=\"https:\/\/www.mines-stetienne.fr\/en\/about-us\/mines-saint-etienne-an-imt-graduate-school\/\" \/>\n<meta property=\"og:site_name\" content=\"MINES Saint-\u00c9tienne\" \/>\n<meta property=\"article:publisher\" content=\"https:\/\/www.facebook.com\/MinesSaintEtienne\" \/>\n<meta property=\"article:modified_time\" content=\"2025-02-05T09:50:01+00:00\" \/>\n<meta name=\"twitter:card\" content=\"summary_large_image\" \/>\n<meta name=\"twitter:site\" content=\"@MINES_StEtienne\" \/>\n<meta name=\"twitter:label1\" content=\"Estimated reading time\" \/>\n\t<meta name=\"twitter:data1\" content=\"4 minutes\" \/>\n<script type=\"application\/ld+json\" class=\"yoast-schema-graph\">{\"@context\":\"https:\\\/\\\/schema.org\",\"@graph\":[{\"@type\":\"WebPage\",\"@id\":\"https:\\\/\\\/www.mines-stetienne.fr\\\/en\\\/about-us\\\/mines-saint-etienne-an-imt-graduate-school\\\/\",\"url\":\"https:\\\/\\\/www.mines-stetienne.fr\\\/en\\\/about-us\\\/mines-saint-etienne-an-imt-graduate-school\\\/\",\"name\":\"Mines Saint-\u00c9tienne, an IMT graduate school - MINES Saint-\u00c9tienne\",\"isPartOf\":{\"@id\":\"https:\\\/\\\/www.mines-stetienne.fr\\\/en\\\/#website\"},\"datePublished\":\"2018-03-09T09:33:20+00:00\",\"dateModified\":\"2025-02-05T09:50:01+00:00\",\"breadcrumb\":{\"@id\":\"https:\\\/\\\/www.mines-stetienne.fr\\\/en\\\/about-us\\\/mines-saint-etienne-an-imt-graduate-school\\\/#breadcrumb\"},\"inLanguage\":\"en-GB\",\"potentialAction\":[{\"@type\":\"ReadAction\",\"target\":[\"https:\\\/\\\/www.mines-stetienne.fr\\\/en\\\/about-us\\\/mines-saint-etienne-an-imt-graduate-school\\\/\"]}]},{\"@type\":\"BreadcrumbList\",\"@id\":\"https:\\\/\\\/www.mines-stetienne.fr\\\/en\\\/about-us\\\/mines-saint-etienne-an-imt-graduate-school\\\/#breadcrumb\",\"itemListElement\":[{\"@type\":\"ListItem\",\"position\":1,\"name\":\"Home\",\"item\":\"https:\\\/\\\/www.mines-stetienne.fr\\\/en\\\/\"},{\"@type\":\"ListItem\",\"position\":2,\"name\":\"About Us\",\"item\":\"https:\\\/\\\/www.mines-stetienne.fr\\\/en\\\/about-us\\\/\"},{\"@type\":\"ListItem\",\"position\":3,\"name\":\"Mines Saint-\u00c9tienne, an IMT graduate school\"}]},{\"@type\":\"WebSite\",\"@id\":\"https:\\\/\\\/www.mines-stetienne.fr\\\/en\\\/#website\",\"url\":\"https:\\\/\\\/www.mines-stetienne.fr\\\/en\\\/\",\"name\":\"MINES Saint-\u00c9tienne\",\"description\":\"Inspiring innovation\",\"publisher\":{\"@id\":\"https:\\\/\\\/www.mines-stetienne.fr\\\/en\\\/#organization\"},\"potentialAction\":[{\"@type\":\"SearchAction\",\"target\":{\"@type\":\"EntryPoint\",\"urlTemplate\":\"https:\\\/\\\/www.mines-stetienne.fr\\\/en\\\/?s={search_term_string}\"},\"query-input\":{\"@type\":\"PropertyValueSpecification\",\"valueRequired\":true,\"valueName\":\"search_term_string\"}}],\"inLanguage\":\"en-GB\"},{\"@type\":\"Organization\",\"@id\":\"https:\\\/\\\/www.mines-stetienne.fr\\\/en\\\/#organization\",\"name\":\"MINES Saint-\u00c9tienne\",\"url\":\"https:\\\/\\\/www.mines-stetienne.fr\\\/en\\\/\",\"logo\":{\"@type\":\"ImageObject\",\"inLanguage\":\"en-GB\",\"@id\":\"https:\\\/\\\/www.mines-stetienne.fr\\\/en\\\/#\\\/schema\\\/logo\\\/image\\\/\",\"url\":\"https:\\\/\\\/www.mines-stetienne.fr\\\/en\\\/wp-content\\\/uploads\\\/sites\\\/4\\\/2022\\\/09\\\/Mines_Saint_Etienne_IMT_RVB.png\",\"contentUrl\":\"https:\\\/\\\/www.mines-stetienne.fr\\\/en\\\/wp-content\\\/uploads\\\/sites\\\/4\\\/2022\\\/09\\\/Mines_Saint_Etienne_IMT_RVB.png\",\"width\":316,\"height\":315,\"caption\":\"MINES Saint-\u00c9tienne\"},\"image\":{\"@id\":\"https:\\\/\\\/www.mines-stetienne.fr\\\/en\\\/#\\\/schema\\\/logo\\\/image\\\/\"},\"sameAs\":[\"https:\\\/\\\/www.facebook.com\\\/MinesSaintEtienne\",\"https:\\\/\\\/x.com\\\/MINES_StEtienne\",\"https:\\\/\\\/www.linkedin.com\\\/school\\\/527715\\\/\",\"https:\\\/\\\/www.youtube.com\\\/c\\\/Mines-stetienneFr\",\"https:\\\/\\\/www.instagram.com\\\/mines_stetienne\\\/\"]}]}<\/script>\n<!-- \/ Yoast SEO plugin. -->","yoast_head_json":{"title":"Mines Saint-\u00c9tienne, an IMT graduate school - MINES Saint-\u00c9tienne","robots":{"index":"index","follow":"follow","max-snippet":"max-snippet:-1","max-image-preview":"max-image-preview:large","max-video-preview":"max-video-preview:-1"},"canonical":"https:\/\/www.mines-stetienne.fr\/en\/about-us\/mines-saint-etienne-an-imt-graduate-school\/","og_locale":"en_GB","og_type":"article","og_title":"Mines Saint-\u00c9tienne, an IMT graduate school - MINES Saint-\u00c9tienne","og_description":"IMT: the number one group of engineering and management graduate schools in France 11 engineering and management schools form IMT (for Institut Mines-T\u00e9l\u00e9com). The group\u2019s strength lies in the complementarity of its schools and their cohesion, founded on a common &hellip;","og_url":"https:\/\/www.mines-stetienne.fr\/en\/about-us\/mines-saint-etienne-an-imt-graduate-school\/","og_site_name":"MINES Saint-\u00c9tienne","article_publisher":"https:\/\/www.facebook.com\/MinesSaintEtienne","article_modified_time":"2025-02-05T09:50:01+00:00","twitter_card":"summary_large_image","twitter_site":"@MINES_StEtienne","twitter_misc":{"Estimated reading time":"4 minutes"},"schema":{"@context":"https:\/\/schema.org","@graph":[{"@type":"WebPage","@id":"https:\/\/www.mines-stetienne.fr\/en\/about-us\/mines-saint-etienne-an-imt-graduate-school\/","url":"https:\/\/www.mines-stetienne.fr\/en\/about-us\/mines-saint-etienne-an-imt-graduate-school\/","name":"Mines Saint-\u00c9tienne, an IMT graduate school - MINES Saint-\u00c9tienne","isPartOf":{"@id":"https:\/\/www.mines-stetienne.fr\/en\/#website"},"datePublished":"2018-03-09T09:33:20+00:00","dateModified":"2025-02-05T09:50:01+00:00","breadcrumb":{"@id":"https:\/\/www.mines-stetienne.fr\/en\/about-us\/mines-saint-etienne-an-imt-graduate-school\/#breadcrumb"},"inLanguage":"en-GB","potentialAction":[{"@type":"ReadAction","target":["https:\/\/www.mines-stetienne.fr\/en\/about-us\/mines-saint-etienne-an-imt-graduate-school\/"]}]},{"@type":"BreadcrumbList","@id":"https:\/\/www.mines-stetienne.fr\/en\/about-us\/mines-saint-etienne-an-imt-graduate-school\/#breadcrumb","itemListElement":[{"@type":"ListItem","position":1,"name":"Home","item":"https:\/\/www.mines-stetienne.fr\/en\/"},{"@type":"ListItem","position":2,"name":"About Us","item":"https:\/\/www.mines-stetienne.fr\/en\/about-us\/"},{"@type":"ListItem","position":3,"name":"Mines Saint-\u00c9tienne, an IMT graduate school"}]},{"@type":"WebSite","@id":"https:\/\/www.mines-stetienne.fr\/en\/#website","url":"https:\/\/www.mines-stetienne.fr\/en\/","name":"MINES Saint-\u00c9tienne","description":"Inspiring innovation","publisher":{"@id":"https:\/\/www.mines-stetienne.fr\/en\/#organization"},"potentialAction":[{"@type":"SearchAction","target":{"@type":"EntryPoint","urlTemplate":"https:\/\/www.mines-stetienne.fr\/en\/?s={search_term_string}"},"query-input":{"@type":"PropertyValueSpecification","valueRequired":true,"valueName":"search_term_string"}}],"inLanguage":"en-GB"},{"@type":"Organization","@id":"https:\/\/www.mines-stetienne.fr\/en\/#organization","name":"MINES Saint-\u00c9tienne","url":"https:\/\/www.mines-stetienne.fr\/en\/","logo":{"@type":"ImageObject","inLanguage":"en-GB","@id":"https:\/\/www.mines-stetienne.fr\/en\/#\/schema\/logo\/image\/","url":"https:\/\/www.mines-stetienne.fr\/en\/wp-content\/uploads\/sites\/4\/2022\/09\/Mines_Saint_Etienne_IMT_RVB.png","contentUrl":"https:\/\/www.mines-stetienne.fr\/en\/wp-content\/uploads\/sites\/4\/2022\/09\/Mines_Saint_Etienne_IMT_RVB.png","width":316,"height":315,"caption":"MINES Saint-\u00c9tienne"},"image":{"@id":"https:\/\/www.mines-stetienne.fr\/en\/#\/schema\/logo\/image\/"},"sameAs":["https:\/\/www.facebook.com\/MinesSaintEtienne","https:\/\/x.com\/MINES_StEtienne","https:\/\/www.linkedin.com\/school\/527715\/","https:\/\/www.youtube.com\/c\/Mines-stetienneFr","https:\/\/www.instagram.com\/mines_stetienne\/"]}]}},"publishpress_future_workflow_manual_trigger":{"enabledWorkflows":[]},"_links":{"self":[{"href":"https:\/\/www.mines-stetienne.fr\/en\/wp-json\/wp\/v2\/pages\/1917","targetHints":{"allow":["GET"]}}],"collection":[{"href":"https:\/\/www.mines-stetienne.fr\/en\/wp-json\/wp\/v2\/pages"}],"about":[{"href":"https:\/\/www.mines-stetienne.fr\/en\/wp-json\/wp\/v2\/types\/page"}],"author":[{"embeddable":true,"href":"https:\/\/www.mines-stetienne.fr\/en\/wp-json\/wp\/v2\/users\/2"}],"replies":[{"embeddable":true,"href":"https:\/\/www.mines-stetienne.fr\/en\/wp-json\/wp\/v2\/comments?post=1917"}],"version-history":[{"count":13,"href":"https:\/\/www.mines-stetienne.fr\/en\/wp-json\/wp\/v2\/pages\/1917\/revisions"}],"predecessor-version":[{"id":15860,"href":"https:\/\/www.mines-stetienne.fr\/en\/wp-json\/wp\/v2\/pages\/1917\/revisions\/15860"}],"up":[{"embeddable":true,"href":"https:\/\/www.mines-stetienne.fr\/en\/wp-json\/wp\/v2\/pages\/7"}],"wp:attachment":[{"href":"https:\/\/www.mines-stetienne.fr\/en\/wp-json\/wp\/v2\/media?parent=1917"}],"wp:term":[{"taxonomy":"post_tag","embeddable":true,"href":"https:\/\/www.mines-stetienne.fr\/en\/wp-json\/wp\/v2\/tags?post=1917"}],"curies":[{"name":"wp","href":"https:\/\/api.w.org\/{rel}","templated":true}]}}