{"id":13,"date":"2016-01-06T18:36:10","date_gmt":"2016-01-06T17:36:10","guid":{"rendered":"https:\/\/www.mines-stetienne.fr\/en\/?page_id=13"},"modified":"2025-02-05T11:32:10","modified_gmt":"2025-02-05T10:32:10","slug":"facts-and-figures","status":"publish","type":"page","link":"https:\/\/www.mines-stetienne.fr\/en\/about-us\/facts-and-figures\/","title":{"rendered":"Annual key figures"},"content":{"rendered":"\n<h2 class=\"wp-block-heading\">of Mines Saint-\u00c9tienne<\/h2>\n\n\n\n<p><strong>A Graduate Engineering School of <em><a href=\"https:\/\/www.imt.fr\/\" target=\"_blank\" rel=\"noreferrer noopener\">Institut Mines T\u00e9l\u00e9com<\/a><\/em>.<\/strong><\/p>\n\n\n\n<h3 class=\"wp-block-heading\">Founded in&nbsp;<strong>1816<\/strong><\/h3>\n\n\n\n<ul class=\"wp-block-list\">\n<li>Under the supervision of the &nbsp;<a href=\"https:\/\/www.economie.gouv.fr\">French Ministry in charge of Industry<\/a><\/li>\n\n\n\n<li>Public institution of a scientific, cultural and professional nature<\/li>\n<\/ul>\n\n\n\n<h3 class=\"wp-block-heading\">Campuses<\/h3>\n\n\n\n<ul class=\"wp-block-list\">\n<li><strong>2 campuses<\/strong>&nbsp;: Saint-\u00c9tienne near Lyon (Auvergne Rh\u00f4ne-Alpes Region) and Gardanne near Marseille (Region Sud)<\/li>\n\n\n\n<li>58,200 m<sup>2<\/sup> of buildings<\/li>\n\n\n\n<li>532 student rooms &amp; apartments<\/li>\n<\/ul>\n\n\n\n<h3 class=\"wp-block-heading\">Academics<\/h3>\n\n\n\n<ul class=\"wp-block-list\">\n<li><strong>6<\/strong> Engineering Masters for general and specialized <strong>engineers<\/strong><\/li>\n\n\n\n<li><strong>13<\/strong> Masters of Science programmes (including 7 taught in English)<\/li>\n\n\n\n<li><strong>9<\/strong> <strong>Doctoral<\/strong> disciplines<\/li>\n\n\n\n<li><strong>6 <\/strong>professional<strong> training programmes<\/strong>\n<ul class=\"wp-block-list\">\n<li>4 Specialized Masters<\/li>\n\n\n\n<li>1 Master of Science<\/li>\n\n\n\n<li>1 &#8220;Badge&#8221; Master<\/li>\n<\/ul>\n<\/li>\n\n\n\n<li><strong>126 International agreements<\/strong> in 40 countries \/ 44 double degree agreements<\/li>\n<\/ul>\n\n\n\n<h3 class=\"wp-block-heading\">Education (international students)<\/h3>\n\n\n\n<ul class=\"wp-block-list\">\n<li>660 ICM (18%)<\/li>\n\n\n\n<li>307 ISMIN (18%)<\/li>\n\n\n\n<li>92 MSc (72%)<\/li>\n\n\n\n<li>158 PhD (49%)<\/li>\n<\/ul>\n\n\n\n<h3 class=\"wp-block-heading\">Staff<\/h3>\n\n\n\n<ul class=\"wp-block-list\">\n<li>Establishment employment: <strong>476&nbsp;staff<\/strong> of which:\n<ul class=\"wp-block-list\">\n<li>132 research professors<\/li>\n\n\n\n<li>57 PhD  <\/li>\n\n\n\n<li>25 PostDoc<\/li>\n\n\n\n<li>59 engineers <\/li>\n\n\n\n<li>203 technical and administrative staff  <\/li>\n<\/ul>\n<\/li>\n\n\n\n<li><strong>484 external contractors<\/strong>&nbsp;who also contribute to the school\u2019s mission<\/li>\n<\/ul>\n\n\n\n<h3 class=\"wp-block-heading\">Research<\/h3>\n\n\n\n<ul class=\"wp-block-list\">\n<li>135 Researchers in 5 cutting-edge research centres<\/li>\n\n\n\n<li>50 PhD theses defended annually<\/li>\n\n\n\n<li>70 Directors of research for PhD students (HDR)<\/li>\n\n\n\n<li>33 % of Research Staff International<\/li>\n\n\n\n<li>330 A-ranking research papers published annually<\/li>\n\n\n\n<li>\u20ac 6.5 million in contractual resources in Research and Innovation &#8211; including \u20ac 1.9 million in direct contracts with companies<\/li>\n\n\n\n<li><strong>6 <\/strong>research and training <strong>chairs<\/strong> &nbsp; <\/li>\n\n\n\n<li>Involvement of the school in 9 competitiveness clusters (founding member or associate)<\/li>\n<\/ul>\n\n\n\n<h3 class=\"wp-block-heading\">La Rotonde<\/h3>\n\n\n\n<ul class=\"wp-block-list\">\n<li>1 scientific &amp; cultural outreach centre &#8211;<strong> La Rotonde<\/strong><\/li>\n<\/ul>\n\n\n\n<h3 class=\"wp-block-heading\">Budget<\/h3>\n\n\n\n<ul class=\"wp-block-list\">\n<li>Operational budget: <strong>41.4 million euros<\/strong> &#8211; 30% own resources of the establishment<\/li>\n<\/ul>\n\n\n\n<h3 class=\"wp-block-heading\">Miscellaneous<\/h3>\n\n\n\n<ul class=\"wp-block-list\">\n<li>Former engineering students ICM and ISMIN are grouped together in the same alumni association. Almost <strong>10,000 alumni<\/strong>.<\/li>\n\n\n\n<li>10,000 job offers managed each year by the common Careers Department at the Mines of Paris, Saint-\u00c9tienne and Nancy.<\/li>\n<\/ul>\n\n\n\n<p><em>Data up to date in December 2022.<\/em><\/p>\n","protected":false},"excerpt":{"rendered":"<p>of Mines Saint-\u00c9tienne A Graduate Engineering School of Institut Mines T\u00e9l\u00e9com. Founded in&nbsp;1816 Campuses Academics Education (international students) Staff Research La Rotonde Budget Miscellaneous Data up to date in December 2022.<\/p>\n","protected":false},"author":2,"featured_media":0,"parent":7,"menu_order":70,"comment_status":"closed","ping_status":"closed","template":"","meta":{"_relevanssi_hide_post":"","_relevanssi_hide_content":"","_relevanssi_pin_for_all":"","_relevanssi_pin_keywords":"","_relevanssi_unpin_keywords":"","_relevanssi_related_keywords":"","_relevanssi_related_include_ids":"","_relevanssi_related_exclude_ids":"","_relevanssi_related_no_append":"","_relevanssi_related_not_related":"","_relevanssi_related_posts":"2446,2002,2402,2494,2385,492","_relevanssi_noindex_reason":"","footnotes":"","_links_to":"","_links_to_target":""},"tags":[],"class_list":["post-13","page","type-page","status-publish","hentry"],"pp_statuses_selecting_workflow":false,"pp_workflow_action":"current","pp_status_selection":"publish","pp_force_visibility":null,"pp_subpost_visibility":null,"pp_inherited_force_visibility":null,"pp_inherited_subpost_visibility":null,"yoast_head":"<!-- This site is optimized with the Yoast SEO plugin v27.5 - https:\/\/yoast.com\/product\/yoast-seo-wordpress\/ -->\n<title>Annual key figures - MINES Saint-\u00c9tienne<\/title>\n<meta name=\"robots\" content=\"index, follow, max-snippet:-1, max-image-preview:large, max-video-preview:-1\" \/>\n<link rel=\"canonical\" href=\"https:\/\/www.mines-stetienne.fr\/en\/about-us\/facts-and-figures\/\" \/>\n<meta property=\"og:locale\" content=\"en_GB\" \/>\n<meta property=\"og:type\" content=\"article\" \/>\n<meta property=\"og:title\" content=\"Annual key figures - MINES Saint-\u00c9tienne\" \/>\n<meta property=\"og:description\" content=\"of Mines Saint-\u00c9tienne A Graduate Engineering School of Institut Mines T\u00e9l\u00e9com. Founded in&nbsp;1816 Campuses Academics Education (international students) Staff Research La Rotonde Budget Miscellaneous Data up to date in December 2022.\" \/>\n<meta property=\"og:url\" content=\"https:\/\/www.mines-stetienne.fr\/en\/about-us\/facts-and-figures\/\" \/>\n<meta property=\"og:site_name\" content=\"MINES Saint-\u00c9tienne\" \/>\n<meta property=\"article:publisher\" content=\"https:\/\/www.facebook.com\/MinesSaintEtienne\" \/>\n<meta property=\"article:modified_time\" content=\"2025-02-05T10:32:10+00:00\" \/>\n<meta name=\"twitter:card\" content=\"summary_large_image\" \/>\n<meta name=\"twitter:site\" content=\"@MINES_StEtienne\" \/>\n<meta name=\"twitter:label1\" content=\"Estimated reading time\" \/>\n\t<meta name=\"twitter:data1\" content=\"2 minutes\" \/>\n<script type=\"application\/ld+json\" class=\"yoast-schema-graph\">{\"@context\":\"https:\\\/\\\/schema.org\",\"@graph\":[{\"@type\":\"WebPage\",\"@id\":\"https:\\\/\\\/www.mines-stetienne.fr\\\/en\\\/about-us\\\/facts-and-figures\\\/\",\"url\":\"https:\\\/\\\/www.mines-stetienne.fr\\\/en\\\/about-us\\\/facts-and-figures\\\/\",\"name\":\"Annual key figures - MINES Saint-\u00c9tienne\",\"isPartOf\":{\"@id\":\"https:\\\/\\\/www.mines-stetienne.fr\\\/en\\\/#website\"},\"datePublished\":\"2016-01-06T17:36:10+00:00\",\"dateModified\":\"2025-02-05T10:32:10+00:00\",\"breadcrumb\":{\"@id\":\"https:\\\/\\\/www.mines-stetienne.fr\\\/en\\\/about-us\\\/facts-and-figures\\\/#breadcrumb\"},\"inLanguage\":\"en-GB\",\"potentialAction\":[{\"@type\":\"ReadAction\",\"target\":[\"https:\\\/\\\/www.mines-stetienne.fr\\\/en\\\/about-us\\\/facts-and-figures\\\/\"]}]},{\"@type\":\"BreadcrumbList\",\"@id\":\"https:\\\/\\\/www.mines-stetienne.fr\\\/en\\\/about-us\\\/facts-and-figures\\\/#breadcrumb\",\"itemListElement\":[{\"@type\":\"ListItem\",\"position\":1,\"name\":\"Home\",\"item\":\"https:\\\/\\\/www.mines-stetienne.fr\\\/en\\\/\"},{\"@type\":\"ListItem\",\"position\":2,\"name\":\"About Us\",\"item\":\"https:\\\/\\\/www.mines-stetienne.fr\\\/en\\\/about-us\\\/\"},{\"@type\":\"ListItem\",\"position\":3,\"name\":\"Annual key figures\"}]},{\"@type\":\"WebSite\",\"@id\":\"https:\\\/\\\/www.mines-stetienne.fr\\\/en\\\/#website\",\"url\":\"https:\\\/\\\/www.mines-stetienne.fr\\\/en\\\/\",\"name\":\"MINES Saint-\u00c9tienne\",\"description\":\"Inspiring innovation\",\"publisher\":{\"@id\":\"https:\\\/\\\/www.mines-stetienne.fr\\\/en\\\/#organization\"},\"potentialAction\":[{\"@type\":\"SearchAction\",\"target\":{\"@type\":\"EntryPoint\",\"urlTemplate\":\"https:\\\/\\\/www.mines-stetienne.fr\\\/en\\\/?s={search_term_string}\"},\"query-input\":{\"@type\":\"PropertyValueSpecification\",\"valueRequired\":true,\"valueName\":\"search_term_string\"}}],\"inLanguage\":\"en-GB\"},{\"@type\":\"Organization\",\"@id\":\"https:\\\/\\\/www.mines-stetienne.fr\\\/en\\\/#organization\",\"name\":\"MINES Saint-\u00c9tienne\",\"url\":\"https:\\\/\\\/www.mines-stetienne.fr\\\/en\\\/\",\"logo\":{\"@type\":\"ImageObject\",\"inLanguage\":\"en-GB\",\"@id\":\"https:\\\/\\\/www.mines-stetienne.fr\\\/en\\\/#\\\/schema\\\/logo\\\/image\\\/\",\"url\":\"https:\\\/\\\/www.mines-stetienne.fr\\\/en\\\/wp-content\\\/uploads\\\/sites\\\/4\\\/2022\\\/09\\\/Mines_Saint_Etienne_IMT_RVB.png\",\"contentUrl\":\"https:\\\/\\\/www.mines-stetienne.fr\\\/en\\\/wp-content\\\/uploads\\\/sites\\\/4\\\/2022\\\/09\\\/Mines_Saint_Etienne_IMT_RVB.png\",\"width\":316,\"height\":315,\"caption\":\"MINES Saint-\u00c9tienne\"},\"image\":{\"@id\":\"https:\\\/\\\/www.mines-stetienne.fr\\\/en\\\/#\\\/schema\\\/logo\\\/image\\\/\"},\"sameAs\":[\"https:\\\/\\\/www.facebook.com\\\/MinesSaintEtienne\",\"https:\\\/\\\/x.com\\\/MINES_StEtienne\",\"https:\\\/\\\/www.linkedin.com\\\/school\\\/527715\\\/\",\"https:\\\/\\\/www.youtube.com\\\/c\\\/Mines-stetienneFr\",\"https:\\\/\\\/www.instagram.com\\\/mines_stetienne\\\/\"]}]}<\/script>\n<!-- \/ Yoast SEO plugin. -->","yoast_head_json":{"title":"Annual key figures - MINES Saint-\u00c9tienne","robots":{"index":"index","follow":"follow","max-snippet":"max-snippet:-1","max-image-preview":"max-image-preview:large","max-video-preview":"max-video-preview:-1"},"canonical":"https:\/\/www.mines-stetienne.fr\/en\/about-us\/facts-and-figures\/","og_locale":"en_GB","og_type":"article","og_title":"Annual key figures - MINES Saint-\u00c9tienne","og_description":"of Mines Saint-\u00c9tienne A Graduate Engineering School of Institut Mines T\u00e9l\u00e9com. Founded in&nbsp;1816 Campuses Academics Education (international students) Staff Research La Rotonde Budget Miscellaneous Data up to date in December 2022.","og_url":"https:\/\/www.mines-stetienne.fr\/en\/about-us\/facts-and-figures\/","og_site_name":"MINES Saint-\u00c9tienne","article_publisher":"https:\/\/www.facebook.com\/MinesSaintEtienne","article_modified_time":"2025-02-05T10:32:10+00:00","twitter_card":"summary_large_image","twitter_site":"@MINES_StEtienne","twitter_misc":{"Estimated reading time":"2 minutes"},"schema":{"@context":"https:\/\/schema.org","@graph":[{"@type":"WebPage","@id":"https:\/\/www.mines-stetienne.fr\/en\/about-us\/facts-and-figures\/","url":"https:\/\/www.mines-stetienne.fr\/en\/about-us\/facts-and-figures\/","name":"Annual key figures - MINES Saint-\u00c9tienne","isPartOf":{"@id":"https:\/\/www.mines-stetienne.fr\/en\/#website"},"datePublished":"2016-01-06T17:36:10+00:00","dateModified":"2025-02-05T10:32:10+00:00","breadcrumb":{"@id":"https:\/\/www.mines-stetienne.fr\/en\/about-us\/facts-and-figures\/#breadcrumb"},"inLanguage":"en-GB","potentialAction":[{"@type":"ReadAction","target":["https:\/\/www.mines-stetienne.fr\/en\/about-us\/facts-and-figures\/"]}]},{"@type":"BreadcrumbList","@id":"https:\/\/www.mines-stetienne.fr\/en\/about-us\/facts-and-figures\/#breadcrumb","itemListElement":[{"@type":"ListItem","position":1,"name":"Home","item":"https:\/\/www.mines-stetienne.fr\/en\/"},{"@type":"ListItem","position":2,"name":"About Us","item":"https:\/\/www.mines-stetienne.fr\/en\/about-us\/"},{"@type":"ListItem","position":3,"name":"Annual key figures"}]},{"@type":"WebSite","@id":"https:\/\/www.mines-stetienne.fr\/en\/#website","url":"https:\/\/www.mines-stetienne.fr\/en\/","name":"MINES Saint-\u00c9tienne","description":"Inspiring innovation","publisher":{"@id":"https:\/\/www.mines-stetienne.fr\/en\/#organization"},"potentialAction":[{"@type":"SearchAction","target":{"@type":"EntryPoint","urlTemplate":"https:\/\/www.mines-stetienne.fr\/en\/?s={search_term_string}"},"query-input":{"@type":"PropertyValueSpecification","valueRequired":true,"valueName":"search_term_string"}}],"inLanguage":"en-GB"},{"@type":"Organization","@id":"https:\/\/www.mines-stetienne.fr\/en\/#organization","name":"MINES Saint-\u00c9tienne","url":"https:\/\/www.mines-stetienne.fr\/en\/","logo":{"@type":"ImageObject","inLanguage":"en-GB","@id":"https:\/\/www.mines-stetienne.fr\/en\/#\/schema\/logo\/image\/","url":"https:\/\/www.mines-stetienne.fr\/en\/wp-content\/uploads\/sites\/4\/2022\/09\/Mines_Saint_Etienne_IMT_RVB.png","contentUrl":"https:\/\/www.mines-stetienne.fr\/en\/wp-content\/uploads\/sites\/4\/2022\/09\/Mines_Saint_Etienne_IMT_RVB.png","width":316,"height":315,"caption":"MINES Saint-\u00c9tienne"},"image":{"@id":"https:\/\/www.mines-stetienne.fr\/en\/#\/schema\/logo\/image\/"},"sameAs":["https:\/\/www.facebook.com\/MinesSaintEtienne","https:\/\/x.com\/MINES_StEtienne","https:\/\/www.linkedin.com\/school\/527715\/","https:\/\/www.youtube.com\/c\/Mines-stetienneFr","https:\/\/www.instagram.com\/mines_stetienne\/"]}]}},"publishpress_future_workflow_manual_trigger":{"enabledWorkflows":[]},"_links":{"self":[{"href":"https:\/\/www.mines-stetienne.fr\/en\/wp-json\/wp\/v2\/pages\/13","targetHints":{"allow":["GET"]}}],"collection":[{"href":"https:\/\/www.mines-stetienne.fr\/en\/wp-json\/wp\/v2\/pages"}],"about":[{"href":"https:\/\/www.mines-stetienne.fr\/en\/wp-json\/wp\/v2\/types\/page"}],"author":[{"embeddable":true,"href":"https:\/\/www.mines-stetienne.fr\/en\/wp-json\/wp\/v2\/users\/2"}],"replies":[{"embeddable":true,"href":"https:\/\/www.mines-stetienne.fr\/en\/wp-json\/wp\/v2\/comments?post=13"}],"version-history":[{"count":16,"href":"https:\/\/www.mines-stetienne.fr\/en\/wp-json\/wp\/v2\/pages\/13\/revisions"}],"predecessor-version":[{"id":15868,"href":"https:\/\/www.mines-stetienne.fr\/en\/wp-json\/wp\/v2\/pages\/13\/revisions\/15868"}],"up":[{"embeddable":true,"href":"https:\/\/www.mines-stetienne.fr\/en\/wp-json\/wp\/v2\/pages\/7"}],"wp:attachment":[{"href":"https:\/\/www.mines-stetienne.fr\/en\/wp-json\/wp\/v2\/media?parent=13"}],"wp:term":[{"taxonomy":"post_tag","embeddable":true,"href":"https:\/\/www.mines-stetienne.fr\/en\/wp-json\/wp\/v2\/tags?post=13"}],"curies":[{"name":"wp","href":"https:\/\/api.w.org\/{rel}","templated":true}]}}