{"id":11,"date":"2016-01-13T21:37:04","date_gmt":"2016-01-13T20:37:04","guid":{"rendered":"https:\/\/www.mines-stetienne.fr\/en\/?page_id=11"},"modified":"2021-01-25T15:31:21","modified_gmt":"2021-01-25T14:31:21","slug":"our-values","status":"publish","type":"page","link":"https:\/\/www.mines-stetienne.fr\/en\/about-us\/our-values\/","title":{"rendered":"Our values"},"content":{"rendered":"\n<p>Established in 1816, and part of the French \u00ab Grandes Ecoles \u00bb system, the School has remained true to its core values: education, research, and dedication to economic development. Throughout its history, \u00c9cole des Mines de Saint-\u00c9tienne (EMSE) has delivered academic programmes and research relevant to the requirements of today\u2019s and tomorrow\u2019s businesses. In two centuries, the School has been transformed from an elite vocational school into a fully integrated graduate research college.<\/p>\n\n\n\n<h2 class=\"wp-block-heading\">\u201cInspiring innovation\u201d is its motto<\/h2>\n\n\n\n<p>At its inception, the School was entrusted with the mission of training high-level executives in order to foster the expansion of heavy industry (mining, energy, transportation, metallurgy) in line with the European Industrial Revolution.<\/p>\n\n\n\n<p>The diversity of the skills relevant to the past industrial context shaped lasting pedagogical principles which have turned out to be particularly suitable to a wide spectrum of engineering fields.<\/p>\n\n\n\n<p>A well-balanced blend of scientific core subjects, engineering techniques, and economic and human sciences are taught by professors closely connected to the economic world and complemented by internships in industrial positions. This has contributed to forging the graduate identity of \u00c9cole des Mines de Saint-\u00c9tienne. These values are embedded in our key graduate level diploma: Ing\u00e9nieur Civil des Mines, a proud illustration of the French engineering school at its best.<\/p>\n\n\n\n<p>The graduates from \u00c9cole des Mines de Saint-\u00c9tienne have been at the forefront of technological progress in the whole industry, in France and abroad. They have been instrumental in the development of innovative production and management methods, and in the introduction of new technologies, across the successive steps of industrial advances.<\/p>\n\n\n\n<p>Mines Saint-\u00c9tienne has opened its horizons to international partnerships with 35 countries in Europe, Asia, North and South America.&nbsp; Today, <em>\u00c9cole des Mines<\/em> has more than 80 academic partners worldwide, 19 double-diploma agreements as part of its Executive Engineering degree programme, and research partnerships with the world\u2019s top universities.<\/p>\n","protected":false},"excerpt":{"rendered":"<p>Established in 1816, and part of the French \u00ab Grandes Ecoles \u00bb system, the School has remained true to its core values: education, research, and dedication to economic development. Throughout its history, \u00c9cole des Mines de Saint-\u00c9tienne (EMSE) has delivered &hellip;<\/p>\n","protected":false},"author":2,"featured_media":0,"parent":7,"menu_order":40,"comment_status":"closed","ping_status":"closed","template":"","meta":{"_relevanssi_hide_post":"","_relevanssi_hide_content":"","_relevanssi_pin_for_all":"","_relevanssi_pin_keywords":"","_relevanssi_unpin_keywords":"","_relevanssi_related_keywords":"","_relevanssi_related_include_ids":"","_relevanssi_related_exclude_ids":"","_relevanssi_related_no_append":"","_relevanssi_related_not_related":"","_relevanssi_related_posts":"497,492,2385","_relevanssi_noindex_reason":"","footnotes":"","_links_to":"","_links_to_target":""},"tags":[],"class_list":["post-11","page","type-page","status-publish","hentry"],"pp_statuses_selecting_workflow":false,"pp_workflow_action":"current","pp_status_selection":"publish","pp_force_visibility":null,"pp_subpost_visibility":null,"pp_inherited_force_visibility":null,"pp_inherited_subpost_visibility":null,"yoast_head":"<!-- This site is optimized with the Yoast SEO plugin v27.5 - https:\/\/yoast.com\/product\/yoast-seo-wordpress\/ -->\n<title>Our values - MINES Saint-\u00c9tienne<\/title>\n<meta name=\"robots\" content=\"index, follow, max-snippet:-1, max-image-preview:large, max-video-preview:-1\" \/>\n<link rel=\"canonical\" href=\"https:\/\/www.mines-stetienne.fr\/en\/about-us\/our-values\/\" \/>\n<meta property=\"og:locale\" content=\"en_GB\" \/>\n<meta property=\"og:type\" content=\"article\" \/>\n<meta property=\"og:title\" content=\"Our values - MINES Saint-\u00c9tienne\" \/>\n<meta property=\"og:description\" content=\"Established in 1816, and part of the French \u00ab Grandes Ecoles \u00bb system, the School has remained true to its core values: education, research, and dedication to economic development. Throughout its history, \u00c9cole des Mines de Saint-\u00c9tienne (EMSE) has delivered &hellip;\" \/>\n<meta property=\"og:url\" content=\"https:\/\/www.mines-stetienne.fr\/en\/about-us\/our-values\/\" \/>\n<meta property=\"og:site_name\" content=\"MINES Saint-\u00c9tienne\" \/>\n<meta property=\"article:publisher\" content=\"https:\/\/www.facebook.com\/MinesSaintEtienne\" \/>\n<meta property=\"article:modified_time\" content=\"2021-01-25T14:31:21+00:00\" \/>\n<meta name=\"twitter:card\" content=\"summary_large_image\" \/>\n<meta name=\"twitter:site\" content=\"@MINES_StEtienne\" \/>\n<meta name=\"twitter:label1\" content=\"Estimated reading time\" \/>\n\t<meta name=\"twitter:data1\" content=\"2 minutes\" \/>\n<script type=\"application\/ld+json\" class=\"yoast-schema-graph\">{\"@context\":\"https:\\\/\\\/schema.org\",\"@graph\":[{\"@type\":\"WebPage\",\"@id\":\"https:\\\/\\\/www.mines-stetienne.fr\\\/en\\\/about-us\\\/our-values\\\/\",\"url\":\"https:\\\/\\\/www.mines-stetienne.fr\\\/en\\\/about-us\\\/our-values\\\/\",\"name\":\"Our values - MINES Saint-\u00c9tienne\",\"isPartOf\":{\"@id\":\"https:\\\/\\\/www.mines-stetienne.fr\\\/en\\\/#website\"},\"datePublished\":\"2016-01-13T20:37:04+00:00\",\"dateModified\":\"2021-01-25T14:31:21+00:00\",\"breadcrumb\":{\"@id\":\"https:\\\/\\\/www.mines-stetienne.fr\\\/en\\\/about-us\\\/our-values\\\/#breadcrumb\"},\"inLanguage\":\"en-GB\",\"potentialAction\":[{\"@type\":\"ReadAction\",\"target\":[\"https:\\\/\\\/www.mines-stetienne.fr\\\/en\\\/about-us\\\/our-values\\\/\"]}]},{\"@type\":\"BreadcrumbList\",\"@id\":\"https:\\\/\\\/www.mines-stetienne.fr\\\/en\\\/about-us\\\/our-values\\\/#breadcrumb\",\"itemListElement\":[{\"@type\":\"ListItem\",\"position\":1,\"name\":\"Home\",\"item\":\"https:\\\/\\\/www.mines-stetienne.fr\\\/en\\\/\"},{\"@type\":\"ListItem\",\"position\":2,\"name\":\"About Us\",\"item\":\"https:\\\/\\\/www.mines-stetienne.fr\\\/en\\\/about-us\\\/\"},{\"@type\":\"ListItem\",\"position\":3,\"name\":\"Our values\"}]},{\"@type\":\"WebSite\",\"@id\":\"https:\\\/\\\/www.mines-stetienne.fr\\\/en\\\/#website\",\"url\":\"https:\\\/\\\/www.mines-stetienne.fr\\\/en\\\/\",\"name\":\"MINES Saint-\u00c9tienne\",\"description\":\"Inspiring innovation\",\"publisher\":{\"@id\":\"https:\\\/\\\/www.mines-stetienne.fr\\\/en\\\/#organization\"},\"potentialAction\":[{\"@type\":\"SearchAction\",\"target\":{\"@type\":\"EntryPoint\",\"urlTemplate\":\"https:\\\/\\\/www.mines-stetienne.fr\\\/en\\\/?s={search_term_string}\"},\"query-input\":{\"@type\":\"PropertyValueSpecification\",\"valueRequired\":true,\"valueName\":\"search_term_string\"}}],\"inLanguage\":\"en-GB\"},{\"@type\":\"Organization\",\"@id\":\"https:\\\/\\\/www.mines-stetienne.fr\\\/en\\\/#organization\",\"name\":\"MINES Saint-\u00c9tienne\",\"url\":\"https:\\\/\\\/www.mines-stetienne.fr\\\/en\\\/\",\"logo\":{\"@type\":\"ImageObject\",\"inLanguage\":\"en-GB\",\"@id\":\"https:\\\/\\\/www.mines-stetienne.fr\\\/en\\\/#\\\/schema\\\/logo\\\/image\\\/\",\"url\":\"https:\\\/\\\/www.mines-stetienne.fr\\\/en\\\/wp-content\\\/uploads\\\/sites\\\/4\\\/2022\\\/09\\\/Mines_Saint_Etienne_IMT_RVB.png\",\"contentUrl\":\"https:\\\/\\\/www.mines-stetienne.fr\\\/en\\\/wp-content\\\/uploads\\\/sites\\\/4\\\/2022\\\/09\\\/Mines_Saint_Etienne_IMT_RVB.png\",\"width\":316,\"height\":315,\"caption\":\"MINES Saint-\u00c9tienne\"},\"image\":{\"@id\":\"https:\\\/\\\/www.mines-stetienne.fr\\\/en\\\/#\\\/schema\\\/logo\\\/image\\\/\"},\"sameAs\":[\"https:\\\/\\\/www.facebook.com\\\/MinesSaintEtienne\",\"https:\\\/\\\/x.com\\\/MINES_StEtienne\",\"https:\\\/\\\/www.linkedin.com\\\/school\\\/527715\\\/\",\"https:\\\/\\\/www.youtube.com\\\/c\\\/Mines-stetienneFr\",\"https:\\\/\\\/www.instagram.com\\\/mines_stetienne\\\/\"]}]}<\/script>\n<!-- \/ Yoast SEO plugin. -->","yoast_head_json":{"title":"Our values - MINES Saint-\u00c9tienne","robots":{"index":"index","follow":"follow","max-snippet":"max-snippet:-1","max-image-preview":"max-image-preview:large","max-video-preview":"max-video-preview:-1"},"canonical":"https:\/\/www.mines-stetienne.fr\/en\/about-us\/our-values\/","og_locale":"en_GB","og_type":"article","og_title":"Our values - MINES Saint-\u00c9tienne","og_description":"Established in 1816, and part of the French \u00ab Grandes Ecoles \u00bb system, the School has remained true to its core values: education, research, and dedication to economic development. Throughout its history, \u00c9cole des Mines de Saint-\u00c9tienne (EMSE) has delivered &hellip;","og_url":"https:\/\/www.mines-stetienne.fr\/en\/about-us\/our-values\/","og_site_name":"MINES Saint-\u00c9tienne","article_publisher":"https:\/\/www.facebook.com\/MinesSaintEtienne","article_modified_time":"2021-01-25T14:31:21+00:00","twitter_card":"summary_large_image","twitter_site":"@MINES_StEtienne","twitter_misc":{"Estimated reading time":"2 minutes"},"schema":{"@context":"https:\/\/schema.org","@graph":[{"@type":"WebPage","@id":"https:\/\/www.mines-stetienne.fr\/en\/about-us\/our-values\/","url":"https:\/\/www.mines-stetienne.fr\/en\/about-us\/our-values\/","name":"Our values - MINES Saint-\u00c9tienne","isPartOf":{"@id":"https:\/\/www.mines-stetienne.fr\/en\/#website"},"datePublished":"2016-01-13T20:37:04+00:00","dateModified":"2021-01-25T14:31:21+00:00","breadcrumb":{"@id":"https:\/\/www.mines-stetienne.fr\/en\/about-us\/our-values\/#breadcrumb"},"inLanguage":"en-GB","potentialAction":[{"@type":"ReadAction","target":["https:\/\/www.mines-stetienne.fr\/en\/about-us\/our-values\/"]}]},{"@type":"BreadcrumbList","@id":"https:\/\/www.mines-stetienne.fr\/en\/about-us\/our-values\/#breadcrumb","itemListElement":[{"@type":"ListItem","position":1,"name":"Home","item":"https:\/\/www.mines-stetienne.fr\/en\/"},{"@type":"ListItem","position":2,"name":"About Us","item":"https:\/\/www.mines-stetienne.fr\/en\/about-us\/"},{"@type":"ListItem","position":3,"name":"Our values"}]},{"@type":"WebSite","@id":"https:\/\/www.mines-stetienne.fr\/en\/#website","url":"https:\/\/www.mines-stetienne.fr\/en\/","name":"MINES Saint-\u00c9tienne","description":"Inspiring innovation","publisher":{"@id":"https:\/\/www.mines-stetienne.fr\/en\/#organization"},"potentialAction":[{"@type":"SearchAction","target":{"@type":"EntryPoint","urlTemplate":"https:\/\/www.mines-stetienne.fr\/en\/?s={search_term_string}"},"query-input":{"@type":"PropertyValueSpecification","valueRequired":true,"valueName":"search_term_string"}}],"inLanguage":"en-GB"},{"@type":"Organization","@id":"https:\/\/www.mines-stetienne.fr\/en\/#organization","name":"MINES Saint-\u00c9tienne","url":"https:\/\/www.mines-stetienne.fr\/en\/","logo":{"@type":"ImageObject","inLanguage":"en-GB","@id":"https:\/\/www.mines-stetienne.fr\/en\/#\/schema\/logo\/image\/","url":"https:\/\/www.mines-stetienne.fr\/en\/wp-content\/uploads\/sites\/4\/2022\/09\/Mines_Saint_Etienne_IMT_RVB.png","contentUrl":"https:\/\/www.mines-stetienne.fr\/en\/wp-content\/uploads\/sites\/4\/2022\/09\/Mines_Saint_Etienne_IMT_RVB.png","width":316,"height":315,"caption":"MINES Saint-\u00c9tienne"},"image":{"@id":"https:\/\/www.mines-stetienne.fr\/en\/#\/schema\/logo\/image\/"},"sameAs":["https:\/\/www.facebook.com\/MinesSaintEtienne","https:\/\/x.com\/MINES_StEtienne","https:\/\/www.linkedin.com\/school\/527715\/","https:\/\/www.youtube.com\/c\/Mines-stetienneFr","https:\/\/www.instagram.com\/mines_stetienne\/"]}]}},"publishpress_future_workflow_manual_trigger":{"enabledWorkflows":[]},"_links":{"self":[{"href":"https:\/\/www.mines-stetienne.fr\/en\/wp-json\/wp\/v2\/pages\/11","targetHints":{"allow":["GET"]}}],"collection":[{"href":"https:\/\/www.mines-stetienne.fr\/en\/wp-json\/wp\/v2\/pages"}],"about":[{"href":"https:\/\/www.mines-stetienne.fr\/en\/wp-json\/wp\/v2\/types\/page"}],"author":[{"embeddable":true,"href":"https:\/\/www.mines-stetienne.fr\/en\/wp-json\/wp\/v2\/users\/2"}],"replies":[{"embeddable":true,"href":"https:\/\/www.mines-stetienne.fr\/en\/wp-json\/wp\/v2\/comments?post=11"}],"version-history":[{"count":6,"href":"https:\/\/www.mines-stetienne.fr\/en\/wp-json\/wp\/v2\/pages\/11\/revisions"}],"predecessor-version":[{"id":6189,"href":"https:\/\/www.mines-stetienne.fr\/en\/wp-json\/wp\/v2\/pages\/11\/revisions\/6189"}],"up":[{"embeddable":true,"href":"https:\/\/www.mines-stetienne.fr\/en\/wp-json\/wp\/v2\/pages\/7"}],"wp:attachment":[{"href":"https:\/\/www.mines-stetienne.fr\/en\/wp-json\/wp\/v2\/media?parent=11"}],"wp:term":[{"taxonomy":"post_tag","embeddable":true,"href":"https:\/\/www.mines-stetienne.fr\/en\/wp-json\/wp\/v2\/tags?post=11"}],"curies":[{"name":"wp","href":"https:\/\/api.w.org\/{rel}","templated":true}]}}